{"id":1416,"date":"2024-04-03T17:22:36","date_gmt":"2024-04-03T15:22:36","guid":{"rendered":"https:\/\/70years.relaischateaux.com\/agregar-un-evento\/"},"modified":"2024-05-17T09:44:15","modified_gmt":"2024-05-17T07:44:15","slug":"agregar-un-evento","status":"publish","type":"page","link":"https:\/\/70years.relaischateaux.com\/es\/agregar-un-evento\/","title":{"rendered":"Agregar un evento"},"content":{"rendered":"[vc_row type=&#8221;in_container&#8221; full_screen_row_position=&#8221;middle&#8221; column_margin=&#8221;default&#8221; column_direction=&#8221;default&#8221; column_direction_tablet=&#8221;default&#8221; column_direction_phone=&#8221;default&#8221; scene_position=&#8221;center&#8221; top_margin=&#8221;7%&#8221; text_color=&#8221;dark&#8221; text_align=&#8221;left&#8221; row_border_radius=&#8221;none&#8221; row_border_radius_applies=&#8221;bg&#8221; overflow=&#8221;visible&#8221; overlay_strength=&#8221;0.3&#8243; gradient_direction=&#8221;left_to_right&#8221; shape_divider_position=&#8221;bottom&#8221; bg_image_animation=&#8221;none&#8221; gradient_type=&#8221;default&#8221; shape_type=&#8221;&#8221;][vc_column column_padding=&#8221;padding-15-percent&#8221; column_padding_tablet=&#8221;inherit&#8221; column_padding_phone=&#8221;inherit&#8221; column_padding_position=&#8221;left-right&#8221; column_element_direction_desktop=&#8221;default&#8221; column_element_spacing=&#8221;default&#8221; desktop_text_alignment=&#8221;left&#8221; tablet_text_alignment=&#8221;default&#8221; phone_text_alignment=&#8221;default&#8221; background_color_opacity=&#8221;1&#8243; background_hover_color_opacity=&#8221;1&#8243; column_backdrop_filter=&#8221;none&#8221; column_shadow=&#8221;none&#8221; column_border_radius=&#8221;none&#8221; column_link_target=&#8221;_self&#8221; column_position=&#8221;default&#8221; gradient_direction=&#8221;left_to_right&#8221; overlay_strength=&#8221;0.3&#8243; width=&#8221;1\/1&#8243; tablet_width_inherit=&#8221;default&#8221; animation_type=&#8221;default&#8221; bg_image_animation=&#8221;none&#8221; border_type=&#8221;simple&#8221; column_border_width=&#8221;none&#8221; column_border_style=&#8221;solid&#8221; column_padding_type=&#8221;default&#8221; gradient_type=&#8221;default&#8221;][split_line_heading animation_type=&#8221;line-reveal-by-space&#8221; font_style=&#8221;h4&#8243; text_color=&#8221;#bd9e56&#8243; line_reveal_by_space_text_effect=&#8221;default&#8221; content_alignment=&#8221;center&#8221; mobile_content_alignment=&#8221;inherit&#8221; link_target=&#8221;_self&#8221; text_content=&#8221;Como miembro del Relais &amp; Ch\u00e2teaux, puede promover su propio evento de 70\u00ba aniversario en el calendario de celebraci\u00f3n en l\u00ednea en la p\u00e1gina web dedicada al 70\u00ba aniversario.&#8221; text_direction=&#8221;default&#8221; el_class=&#8221;no-margin-bottom text-center&#8221;][\/split_line_heading][vc_column_text text_direction=&#8221;default&#8221; css=&#8221;.vc_custom_1715800449689{margin-top: 3vh !important;padding-right: 15% !important;padding-left: 15% !important;}&#8221;]\n<p style=\"text-align: center;\">Si su evento est\u00e1 planificado para el 2024, estaremos felices de a\u00f1adirlo a este calendario. Nuestro equipo controlar\u00e1 la informaci\u00f3n que nos enviar\u00e1 y se pondr\u00e1 en contacto en caso sean necesarios otros detalles. <\/p>\n[\/vc_column_text][divider line_type=&#8221;No Line&#8221; custom_height=&#8221;5vh&#8221;][vc_column_text text_direction=&#8221;default&#8221; css=&#8221;.vc_custom_1715802416778{margin-top: 3vh !important;}&#8221;]\n<p style=\"text-align: left;\"><span style=\"color: #bd9e56;\">La informaci\u00f3n que nos proporcionar\u00e1 ser\u00e1 publicada en la plataforma tan pronto como hayamos aprobado el contenido.<\/span><\/p>\n[\/vc_column_text][\/vc_column][\/vc_row]\n","protected":false},"excerpt":{"rendered":"<p>[vc_row type=&#8221;in_container&#8221; full_screen_row_position=&#8221;middle&#8221; column_margin=&#8221;default&#8221; column_direction=&#8221;default&#8221; column_direction_tablet=&#8221;default&#8221; column_direction_phone=&#8221;default&#8221; scene_position=&#8221;center&#8221; top_margin=&#8221;7%&#8221; text_color=&#8221;dark&#8221; text_align=&#8221;left&#8221; row_border_radius=&#8221;none&#8221; row_border_radius_applies=&#8221;bg&#8221; overflow=&#8221;visible&#8221; overlay_strength=&#8221;0.3&#8243; gradient_direction=&#8221;left_to_right&#8221; shape_divider_position=&#8221;bottom&#8221; bg_image_animation=&#8221;none&#8221; gradient_type=&#8221;default&#8221; shape_type=&#8221;&#8221;][vc_column column_padding=&#8221;padding-15-percent&#8221; column_padding_tablet=&#8221;inherit&#8221; column_padding_phone=&#8221;inherit&#8221; column_padding_position=&#8221;left-right&#8221; column_element_direction_desktop=&#8221;default&#8221; column_element_spacing=&#8221;default&#8221; desktop_text_alignment=&#8221;left&#8221; tablet_text_alignment=&#8221;default&#8221; phone_text_alignment=&#8221;default&#8221; background_color_opacity=&#8221;1&#8243;&#8230;<\/p>\n","protected":false},"author":2,"featured_media":0,"parent":0,"menu_order":0,"comment_status":"closed","ping_status":"closed","template":"","meta":{"footnotes":""},"class_list":["post-1416","page","type-page","status-publish"],"_links":{"self":[{"href":"https:\/\/70years.relaischateaux.com\/es\/wp-json\/wp\/v2\/pages\/1416","targetHints":{"allow":["GET"]}}],"collection":[{"href":"https:\/\/70years.relaischateaux.com\/es\/wp-json\/wp\/v2\/pages"}],"about":[{"href":"https:\/\/70years.relaischateaux.com\/es\/wp-json\/wp\/v2\/types\/page"}],"author":[{"embeddable":true,"href":"https:\/\/70years.relaischateaux.com\/es\/wp-json\/wp\/v2\/users\/2"}],"replies":[{"embeddable":true,"href":"https:\/\/70years.relaischateaux.com\/es\/wp-json\/wp\/v2\/comments?post=1416"}],"version-history":[{"count":20,"href":"https:\/\/70years.relaischateaux.com\/es\/wp-json\/wp\/v2\/pages\/1416\/revisions"}],"predecessor-version":[{"id":1928,"href":"https:\/\/70years.relaischateaux.com\/es\/wp-json\/wp\/v2\/pages\/1416\/revisions\/1928"}],"wp:attachment":[{"href":"https:\/\/70years.relaischateaux.com\/es\/wp-json\/wp\/v2\/media?parent=1416"}],"curies":[{"name":"wp","href":"https:\/\/api.w.org\/{rel}","templated":true}]}}